{"id":35,"date":"2024-11-14T07:09:24","date_gmt":"2024-11-14T10:09:24","guid":{"rendered":"http:\/\/celestino.servicos.ws\/?page_id=35"},"modified":"2025-12-15T20:34:30","modified_gmt":"2025-12-15T23:34:30","slug":"home","status":"publish","type":"page","link":"http:\/\/celestino.servicos.ws\/","title":{"rendered":"Home"},"content":{"rendered":"\t\t<div data-elementor-type=\"wp-page\" data-elementor-id=\"35\" class=\"elementor elementor-35\">\n\t\t\t\t<div class=\"elementor-element elementor-element-76b52626 e-flex e-con-boxed e-con e-parent\" data-id=\"76b52626\" data-element_type=\"container\">\n\t\t\t\t\t<div class=\"e-con-inner\">\n\t\t\t\t<div class=\"elementor-element elementor-element-30e5297 elementor-widget elementor-widget-heading\" data-id=\"30e5297\" data-element_type=\"widget\" data-widget_type=\"heading.default\">\n\t\t\t\t<div class=\"elementor-widget-container\">\n\t\t\t<h2 class=\"elementor-heading-title elementor-size-default\">Tabela de Valores de Servi\u00e7os<\/h2>\t\t<\/div>\n\t\t\t\t<\/div>\n\t\t<div class=\"elementor-element elementor-element-b2d7dbe e-flex e-con-boxed e-con e-child\" data-id=\"b2d7dbe\" data-element_type=\"container\">\n\t\t\t\t\t<div class=\"e-con-inner\">\n\t\t\t\t<div class=\"elementor-element elementor-element-43ed2439 elementor-widget-tablet__width-initial elementor-widget-mobile__width-auto elementor-widget__width-initial elementor-position-top elementor-widget elementor-widget-image-box\" data-id=\"43ed2439\" data-element_type=\"widget\" data-widget_type=\"image-box.default\">\n\t\t\t\t<div class=\"elementor-widget-container\">\n\t\t\t<div class=\"elementor-image-box-wrapper\"><figure class=\"elementor-image-box-img\"><a href=\"http:\/\/celestino.servicos.ws\/wp-content\/uploads\/Tabelas\/TABELA-DE-PRECO.pdf\" target=\"_blank\" tabindex=\"-1\"><img fetchpriority=\"high\" decoding=\"async\" width=\"354\" height=\"351\" src=\"http:\/\/celestino.servicos.ws\/wp-content\/uploads\/2024\/11\/visto-e-passaporte.gif\" class=\"elementor-animation-grow attachment-full size-full wp-image-73\" alt=\"\" \/><\/a><\/figure><div class=\"elementor-image-box-content\"><h4 class=\"elementor-image-box-title\"><a href=\"http:\/\/celestino.servicos.ws\/wp-content\/uploads\/Tabelas\/TABELA-DE-PRECO.pdf\" target=\"_blank\">passaportes <br> e vistos<\/a><\/h4><\/div><\/div>\t\t<\/div>\n\t\t\t\t<\/div>\n\t\t\t\t<div class=\"elementor-element elementor-element-3afe9b04 elementor-widget-tablet__width-initial elementor-widget-mobile__width-inherit elementor-widget__width-initial elementor-position-top elementor-widget elementor-widget-image-box\" data-id=\"3afe9b04\" data-element_type=\"widget\" data-widget_type=\"image-box.default\">\n\t\t\t\t<div class=\"elementor-widget-container\">\n\t\t\t<div class=\"elementor-image-box-wrapper\"><figure class=\"elementor-image-box-img\"><a href=\"http:\/\/celestino.servicos.ws\/wp-content\/uploads\/Tabelas\/TABELA-DE-PRECOS-ESTRANGEIROS.pdf\" target=\"_blank\" tabindex=\"-1\"><img decoding=\"async\" width=\"468\" height=\"465\" src=\"http:\/\/celestino.servicos.ws\/wp-content\/uploads\/2024\/11\/trabalho-estrangeiro.gif\" class=\"elementor-animation-grow attachment-full size-full wp-image-113\" alt=\"\" \/><\/a><\/figure><div class=\"elementor-image-box-content\"><h4 class=\"elementor-image-box-title\"><a href=\"http:\/\/celestino.servicos.ws\/wp-content\/uploads\/Tabelas\/TABELA-DE-PRECOS-ESTRANGEIROS.pdf\" target=\"_blank\">documentos<br>para Estangeiros<\/a><\/h4><\/div><\/div>\t\t<\/div>\n\t\t\t\t<\/div>\n\t\t\t\t\t<\/div>\n\t\t\t\t<\/div>\n\t\t\t\t<div class=\"elementor-element elementor-element-f36571d elementor-align-center elementor-widget__width-initial elementor-invisible elementor-widget elementor-widget-button\" data-id=\"f36571d\" data-element_type=\"widget\" data-settings=\"{&quot;_animation&quot;:&quot;fadeInDown&quot;}\" data-widget_type=\"button.default\">\n\t\t\t\t<div class=\"elementor-widget-container\">\n\t\t\t\t\t\t\t<div class=\"elementor-button-wrapper\">\n\t\t\t\t\t<a class=\"elementor-button elementor-button-link elementor-size-sm\" href=\"https:\/\/wa.me\/551132179555\" target=\"_blank\">\n\t\t\t\t\t\t<span class=\"elementor-button-content-wrapper\">\n\t\t\t\t\t\t\t\t\t<span class=\"elementor-button-text\">Whatsapp<\/span>\n\t\t\t\t\t<\/span>\n\t\t\t\t\t<\/a>\n\t\t\t\t<\/div>\n\t\t\t\t\t\t<\/div>\n\t\t\t\t<\/div>\n\t\t\t\t\t<\/div>\n\t\t\t\t<\/div>\n\t\t<div class=\"elementor-element elementor-element-33e9dec e-flex e-con-boxed e-con e-parent\" data-id=\"33e9dec\" data-element_type=\"container\">\n\t\t\t\t\t<div class=\"e-con-inner\">\n\t\t\t\t<div class=\"elementor-element elementor-element-3e44b76 elementor-widget elementor-widget-spacer\" data-id=\"3e44b76\" data-element_type=\"widget\" data-widget_type=\"spacer.default\">\n\t\t\t\t<div class=\"elementor-widget-container\">\n\t\t\t\t\t<div class=\"elementor-spacer\">\n\t\t\t<div class=\"elementor-spacer-inner\"><\/div>\n\t\t<\/div>\n\t\t\t\t<\/div>\n\t\t\t\t<\/div>\n\t\t\t\t\t<\/div>\n\t\t\t\t<\/div>\n\t\t<div class=\"elementor-element elementor-element-e21a059 e-flex e-con-boxed e-con e-parent\" data-id=\"e21a059\" data-element_type=\"container\">\n\t\t\t\t\t<div class=\"e-con-inner\">\n\t\t\t\t<div class=\"elementor-element elementor-element-16ccbdf elementor-widget__width-initial elementor-widget elementor-widget-text-editor\" data-id=\"16ccbdf\" data-element_type=\"widget\" data-widget_type=\"text-editor.default\">\n\t\t\t\t<div class=\"elementor-widget-container\">\n\t\t\t\t\t\t\t<p>Av. Ipiranga, 344 28\u00b0 Andar, Conj. 281 C Edif\u00edcio It\u00e1lia, Centro S\u00e3o Paulo \/ SP<\/p><p>+55 11 32179555\u00a0 \u00a0\u00a0celestino@celestinodesp.com.br<\/p>\t\t\t\t\t\t<\/div>\n\t\t\t\t<\/div>\n\t\t\t\t\t<\/div>\n\t\t\t\t<\/div>\n\t\t\t\t<\/div>\n\t\t","protected":false},"excerpt":{"rendered":"<p>Tabela de Valores de Servi\u00e7os passaportes e vistos documentospara Estangeiros Whatsapp Av. Ipiranga, 344 28\u00b0 Andar, Conj. 281 C Edif\u00edcio It\u00e1lia, Centro S\u00e3o Paulo \/ SP +55 11 32179555\u00a0 \u00a0\u00a0celestino@celestinodesp.com.br<\/p>\n","protected":false},"author":1,"featured_media":40,"parent":0,"menu_order":0,"comment_status":"closed","ping_status":"closed","template":"elementor_header_footer","meta":{"footnotes":""},"class_list":["post-35","page","type-page","status-publish","has-post-thumbnail","hentry"],"_links":{"self":[{"href":"http:\/\/celestino.servicos.ws\/index.php?rest_route=\/wp\/v2\/pages\/35","targetHints":{"allow":["GET"]}}],"collection":[{"href":"http:\/\/celestino.servicos.ws\/index.php?rest_route=\/wp\/v2\/pages"}],"about":[{"href":"http:\/\/celestino.servicos.ws\/index.php?rest_route=\/wp\/v2\/types\/page"}],"author":[{"embeddable":true,"href":"http:\/\/celestino.servicos.ws\/index.php?rest_route=\/wp\/v2\/users\/1"}],"replies":[{"embeddable":true,"href":"http:\/\/celestino.servicos.ws\/index.php?rest_route=%2Fwp%2Fv2%2Fcomments&post=35"}],"version-history":[{"count":152,"href":"http:\/\/celestino.servicos.ws\/index.php?rest_route=\/wp\/v2\/pages\/35\/revisions"}],"predecessor-version":[{"id":289,"href":"http:\/\/celestino.servicos.ws\/index.php?rest_route=\/wp\/v2\/pages\/35\/revisions\/289"}],"wp:featuredmedia":[{"embeddable":true,"href":"http:\/\/celestino.servicos.ws\/index.php?rest_route=\/wp\/v2\/media\/40"}],"wp:attachment":[{"href":"http:\/\/celestino.servicos.ws\/index.php?rest_route=%2Fwp%2Fv2%2Fmedia&parent=35"}],"curies":[{"name":"wp","href":"https:\/\/api.w.org\/{rel}","templated":true}]}}